{"id":405,"date":"2022-12-26T16:01:16","date_gmt":"2022-12-26T16:01:16","guid":{"rendered":"https:\/\/universitiescaribbean.org\/?page_id=405"},"modified":"2023-01-04T10:29:44","modified_gmt":"2023-01-04T10:29:44","slug":"o-c-y-f","status":"publish","type":"page","link":"https:\/\/universitiescaribbean.org\/es\/nuestro-trabajo\/o-c-y-f\/","title":{"rendered":"O.C.Y.F"},"content":{"rendered":"\t\t<div data-elementor-type=\"wp-page\" data-elementor-id=\"405\" class=\"elementor elementor-405\" data-elementor-post-type=\"page\">\n\t\t\t\t\t\t<section class=\"elementor-section elementor-top-section elementor-element elementor-element-ace7c97 elementor-section-boxed elementor-section-height-default elementor-section-height-default\" data-id=\"ace7c97\" data-element_type=\"section\">\n\t\t\t\t\t\t<div class=\"elementor-container elementor-column-gap-default\">\n\t\t\t\t\t<div class=\"elementor-column elementor-col-100 elementor-top-column elementor-element elementor-element-9261366\" data-id=\"9261366\" data-element_type=\"column\">\n\t\t\t<div class=\"elementor-widget-wrap elementor-element-populated\">\n\t\t\t\t\t\t<div class=\"elementor-element elementor-element-59de9a9 elementor-widget elementor-widget-image\" data-id=\"59de9a9\" data-element_type=\"widget\" data-widget_type=\"image.default\">\n\t\t\t\t<div class=\"elementor-widget-container\">\n\t\t\t<style>\/*! elementor - v3.21.0 - 25-04-2024 *\/\n.elementor-widget-image{text-align:center}.elementor-widget-image a{display:inline-block}.elementor-widget-image a img[src$=\".svg\"]{width:48px}.elementor-widget-image img{vertical-align:middle;display:inline-block}<\/style>\t\t\t\t\t\t\t\t\t\t<img fetchpriority=\"high\" decoding=\"async\" width=\"445\" height=\"242\" src=\"https:\/\/universitiescaribbean.org\/wp-content\/uploads\/2023\/01\/imagen_portada_evento.jpg\" class=\"attachment-large size-large wp-image-525\" alt=\"\" srcset=\"https:\/\/universitiescaribbean.org\/wp-content\/uploads\/2023\/01\/imagen_portada_evento.jpg 445w, https:\/\/universitiescaribbean.org\/wp-content\/uploads\/2023\/01\/imagen_portada_evento-300x163.jpg 300w\" sizes=\"(max-width: 445px) 100vw, 445px\" \/>\t\t\t\t\t\t\t\t\t\t\t\t\t<\/div>\n\t\t\t\t<\/div>\n\t\t\t\t<div class=\"elementor-element elementor-element-3fbe75f elementor-widget elementor-widget-text-editor\" data-id=\"3fbe75f\" data-element_type=\"widget\" data-widget_type=\"text-editor.default\">\n\t\t\t\t<div class=\"elementor-widget-container\">\n\t\t\t<style>\/*! elementor - v3.21.0 - 25-04-2024 *\/\n.elementor-widget-text-editor.elementor-drop-cap-view-stacked .elementor-drop-cap{background-color:#69727d;color:#fff}.elementor-widget-text-editor.elementor-drop-cap-view-framed .elementor-drop-cap{color:#69727d;border:3px solid;background-color:transparent}.elementor-widget-text-editor:not(.elementor-drop-cap-view-default) .elementor-drop-cap{margin-top:8px}.elementor-widget-text-editor:not(.elementor-drop-cap-view-default) .elementor-drop-cap-letter{width:1em;height:1em}.elementor-widget-text-editor .elementor-drop-cap{float:left;text-align:center;line-height:1;font-size:50px}.elementor-widget-text-editor .elementor-drop-cap-letter{display:inline-block}<\/style>\t\t\t\t<h1>\u00a0<\/h1><h3>1er FORO DE JUVENTUD DEL CARIBE (CYF)UN CARIBE: JUVENTUD, PROPIEDAD, CIUDADAN\u00cdA<\/h3><h1><span style=\"color: #212529; font-family: -apple-system, BlinkMacSystemFont, 'Segoe UI', Roboto, 'Helvetica Neue', Arial, sans-serif, 'Apple Color Emoji', 'Segoe UI Emoji', 'Segoe UI Symbol', 'Noto Color Emoji'; font-size: 16px;\">Santo Domingo, Rep\u00fablica Dominicana<\/span><\/h1><div class=\"entry-content\" style=\"margin: 1.5em 0px 0px; color: #212529; font-family: -apple-system, BlinkMacSystemFont, 'Segoe UI', Roboto, 'Helvetica Neue', Arial, sans-serif, 'Apple Color Emoji', 'Segoe UI Emoji', 'Segoe UI Symbol', 'Noto Color Emoji';\"><p style=\"margin-bottom: 1rem;\">Como l\u00edderes juveniles y j\u00f3venes representantes del Caribe, creemos que la integraci\u00f3n y la innovaci\u00f3n son muy importantes para el desarrollo regional, no solo para garantizar un buen futuro para nosotros sino tambi\u00e9n para las pr\u00f3ximas generaciones.<\/p><p style=\"margin-bottom: 1rem;\">Por lo tanto, a trav\u00e9s de este medio, tenemos la intenci\u00f3n de articular mecanismos que puedan implementarse para mejorar la experiencia de los estudiantes de educaci\u00f3n superior en la regi\u00f3n. Aunque somos de diferentes pa\u00edses, hemos visto que estamos en la misma p\u00e1gina cuando se trata de lo que debe cambiar y de las soluciones que podemos aportar.<\/p><p style=\"margin-bottom: 1rem;\">Esta declaraci\u00f3n contiene tres grandes temas de inter\u00e9s que creemos que pueden permitir una mayor colaboraci\u00f3n, integraci\u00f3n y desarrollo a medida que nos esforzamos por lograr un \u00abOne Caribbean\u00bb.<\/p><h2 style=\"margin-top: 0px; margin-bottom: 0.5rem;\"><span style=\"font-weight: bolder;\">UNO: TECNOLOG\u00cdA E INNOVACI\u00d3N<\/span><\/h2><p style=\"margin-bottom: 1rem;\">A. Considerando la carga financiera asociada con la movilidad f\u00edsica dentro de la regi\u00f3n, recomendamos utilizar la tecnolog\u00eda como un medio para reducir costos y aumentar la accesibilidad. Por ejemplo:<\/p><p style=\"margin-bottom: 1rem;\">1. La creaci\u00f3n de una base de datos compartida donde los estudiantes de toda la regi\u00f3n del Caribe puedan acceder y contribuir con material de investigaci\u00f3n para aumentar la accesibilidad, la conciencia y el valor de las becas del Caribe.<\/p><p style=\"margin-bottom: 1rem;\">2. La creaci\u00f3n de un espacio digital \u00fanico que permita el acceso, promoci\u00f3n y colaboraci\u00f3n entre los j\u00f3venes del Caribe.<\/p><p style=\"margin-bottom: 1rem;\">3. Organizar foros virtuales para j\u00f3venes que reunir\u00edan a j\u00f3venes de toda la regi\u00f3n para discutir y encontrar soluciones a los problemas regionales que son relevantes para el desarrollo.<\/p><h2 style=\"margin-top: 0px; margin-bottom: 0.5rem;\"><span style=\"font-weight: bolder;\">DOS: CAMBIO CLIM\u00c1TICO Y DESARROLLO SOSTENIBLE<\/span><\/h2><p style=\"margin-bottom: 1rem;\">A. Considerando el impacto del cambio clim\u00e1tico en el desarrollo regional y el acceso a la educaci\u00f3n, proponemos:<\/p><p style=\"margin-bottom: 1rem;\">1. Establecer una subvenci\u00f3n o fondo regional para proporcionar ayuda a estudiantes de territorios que se habr\u00edan visto afectados por desastres naturales dentro de la red.<\/p><p style=\"margin-bottom: 1rem;\">2. Apoyar proyectos estudiantiles, investigaci\u00f3n y capacitaci\u00f3n sobre desarrollo sostenible y cambio clim\u00e1tico para permitir una mayor colaboraci\u00f3n y participaci\u00f3n.<\/p><h2 style=\"margin-top: 0px; margin-bottom: 0.5rem;\"><span style=\"font-weight: bolder;\">TRES: LIDERAZGO E INTEGRACI\u00d3N JUVENIL<\/span><\/h2><p style=\"margin-bottom: 1rem;\">A. Considerando la falta de integraci\u00f3n regional y la necesidad de fomentar un liderazgo juvenil m\u00e1s fuerte, junto con iniciativas juveniles regionales mejoradas, proponemos:<\/p><p style=\"margin-bottom: 1rem;\">1. La promoci\u00f3n de programas de doble titulaci\u00f3n y programas de intercambio entre las universidades miembros que aumentar\u00e1n la movilidad de los estudiantes.<\/p><p style=\"margin-bottom: 1rem;\">2. Organizar talleres regionales para fomentar el intercambio de conocimientos y la colaboraci\u00f3n en proyectos innovadores para resolver problemas regionales comunes, como el de; igualdad de g\u00e9nero, crimen y violencia u otros temas relevantes para los j\u00f3venes.<\/p><p style=\"margin-bottom: 1rem;\">3. La provisi\u00f3n de programas que promuevan oportunidades para que los estudiantes aprendan otro idioma que se habla en la regi\u00f3n.<\/p><p style=\"margin-bottom: 1rem;\">4. Apoyar iniciativas y programas que promuevan el liderazgo y la representaci\u00f3n juvenil.<\/p><p class=\"has-text-align-center\" style=\"margin-bottom: 1rem;\"><span style=\"font-weight: bolder;\">-FIN<\/span><\/p><\/div>\t\t\t\t\t\t<\/div>\n\t\t\t\t<\/div>\n\t\t\t\t\t<\/div>\n\t\t<\/div>\n\t\t\t\t\t<\/div>\n\t\t<\/section>\n\t\t\t\t<\/div>\n\t\t","protected":false},"excerpt":{"rendered":"<p>\u00a0 1er FORO DE JUVENTUD DEL CARIBE (CYF)UN CARIBE: JUVENTUD, PROPIEDAD, CIUDADAN\u00cdA Santo Domingo, Rep\u00fablica Dominicana Como l\u00edderes juveniles y j\u00f3venes representantes del Caribe, creemos que la integraci\u00f3n y la innovaci\u00f3n son muy importantes para el desarrollo regional, no solo para garantizar un buen futuro para nosotros sino tambi\u00e9n para las pr\u00f3ximas generaciones. Por lo [&hellip;]<\/p>\n","protected":false},"author":1,"featured_media":0,"parent":313,"menu_order":0,"comment_status":"closed","ping_status":"closed","template":"","meta":{"footnotes":""},"class_list":["post-405","page","type-page","status-publish","hentry"],"aioseo_notices":[],"_links":{"self":[{"href":"https:\/\/universitiescaribbean.org\/es\/wp-json\/wp\/v2\/pages\/405","targetHints":{"allow":["GET"]}}],"collection":[{"href":"https:\/\/universitiescaribbean.org\/es\/wp-json\/wp\/v2\/pages"}],"about":[{"href":"https:\/\/universitiescaribbean.org\/es\/wp-json\/wp\/v2\/types\/page"}],"author":[{"embeddable":true,"href":"https:\/\/universitiescaribbean.org\/es\/wp-json\/wp\/v2\/users\/1"}],"replies":[{"embeddable":true,"href":"https:\/\/universitiescaribbean.org\/es\/wp-json\/wp\/v2\/comments?post=405"}],"version-history":[{"count":4,"href":"https:\/\/universitiescaribbean.org\/es\/wp-json\/wp\/v2\/pages\/405\/revisions"}],"predecessor-version":[{"id":528,"href":"https:\/\/universitiescaribbean.org\/es\/wp-json\/wp\/v2\/pages\/405\/revisions\/528"}],"up":[{"embeddable":true,"href":"https:\/\/universitiescaribbean.org\/es\/wp-json\/wp\/v2\/pages\/313"}],"wp:attachment":[{"href":"https:\/\/universitiescaribbean.org\/es\/wp-json\/wp\/v2\/media?parent=405"}],"curies":[{"name":"wp","href":"https:\/\/api.w.org\/{rel}","templated":true}]}}