{"id":369,"date":"2022-12-26T15:29:57","date_gmt":"2022-12-26T15:29:57","guid":{"rendered":"https:\/\/universitiescaribbean.org\/?page_id=369"},"modified":"2022-12-26T16:30:15","modified_gmt":"2022-12-26T16:30:15","slug":"lo-que-hacemos","status":"publish","type":"page","link":"https:\/\/universitiescaribbean.org\/es\/nosotros\/lo-que-hacemos\/","title":{"rendered":"Lo que hacemos"},"content":{"rendered":"\t\t<div data-elementor-type=\"wp-page\" data-elementor-id=\"369\" class=\"elementor elementor-369\" data-elementor-post-type=\"page\">\n\t\t\t\t\t\t<section class=\"elementor-section elementor-top-section elementor-element elementor-element-be5908d elementor-section-boxed elementor-section-height-default elementor-section-height-default\" data-id=\"be5908d\" data-element_type=\"section\">\n\t\t\t\t\t\t<div class=\"elementor-container elementor-column-gap-default\">\n\t\t\t\t\t<div class=\"elementor-column elementor-col-100 elementor-top-column elementor-element elementor-element-d752412\" data-id=\"d752412\" data-element_type=\"column\">\n\t\t\t<div class=\"elementor-widget-wrap elementor-element-populated\">\n\t\t\t\t\t\t<div class=\"elementor-element elementor-element-651a6c1 elementor-widget elementor-widget-text-editor\" data-id=\"651a6c1\" data-element_type=\"widget\" data-widget_type=\"text-editor.default\">\n\t\t\t\t<div class=\"elementor-widget-container\">\n\t\t\t<style>\/*! elementor - v3.21.0 - 25-04-2024 *\/\n.elementor-widget-text-editor.elementor-drop-cap-view-stacked .elementor-drop-cap{background-color:#69727d;color:#fff}.elementor-widget-text-editor.elementor-drop-cap-view-framed .elementor-drop-cap{color:#69727d;border:3px solid;background-color:transparent}.elementor-widget-text-editor:not(.elementor-drop-cap-view-default) .elementor-drop-cap{margin-top:8px}.elementor-widget-text-editor:not(.elementor-drop-cap-view-default) .elementor-drop-cap-letter{width:1em;height:1em}.elementor-widget-text-editor .elementor-drop-cap{float:left;text-align:center;line-height:1;font-size:50px}.elementor-widget-text-editor .elementor-drop-cap-letter{display:inline-block}<\/style>\t\t\t\t<p>La misi\u00f3n principal de Universidades Caribe, desde el inicio hasta el presente, ha sido fomentar y promover el desarrollo y la integraci\u00f3n del Caribe a trav\u00e9s de la colaboraci\u00f3n entre los grupos culturales y ling\u00fc\u00edsticos que caracterizan a la sociedad caribe\u00f1a. Una amparo de esta misi\u00f3n ha sido que, a pesar de las diferencias de lenguaje y especificidad social, el Caribe es esencialmente una civilizaci\u00f3n unificada con realidades hist\u00f3ricas y existenciales comunes.<\/p><p><strong>Con este marco en mente, Universidades Caribe se compromete:<\/strong><\/p><ul><li>Fomentar enlaces entre universidades, asociaciones universitarias e institutos de investigaci\u00f3n en la regi\u00f3n y en todo el mundo.<\/li><li>Desarrollar una amplia gama de planes de cooperaci\u00f3n e intercambio para sus miembros.<\/li><li>Participar en el dise\u00f1o de un marco integral de pol\u00edtica regional.<\/li><li>Avanzar en la regionalizaci\u00f3n de la Educaci\u00f3n Superior en el Caribe.<\/li><li>Obtener acceso a fondos que de otro modo no estar\u00edan disponibles para instituciones individuales.<\/li><li>Aumentar la movilidad y las competencias transling\u00fc\u00edsticas entre estudiantes e investigadores.<\/li><li>Desempe\u00f1ar un papel decisivo en el desarrollo social y sostenible de la regi\u00f3n.<\/li><\/ul><p>Universidades Caribe busca trascender las fronteras nacionales para generar becas innovadoras, programas conjuntos de excelencia y proyectos de investigaci\u00f3n de vanguardia. Dentro de la organizaci\u00f3n, las unidades de investigaci\u00f3n transversales y transiling\u00fcisticas se centrar\u00e1n en temas que son muy importantes para la regi\u00f3n del Caribe: ecolog\u00eda y desarrollo sostenible, tecnolog\u00edas mar\u00edtimas, salud p\u00fablica y medicina tropical, estudios de g\u00e9nero y desarrollo, movilidad social, memoria cultural y cualquier otro campo de investigaci\u00f3n relevante para la regi\u00f3n.<\/p>\t\t\t\t\t\t<\/div>\n\t\t\t\t<\/div>\n\t\t\t\t\t<\/div>\n\t\t<\/div>\n\t\t\t\t\t<\/div>\n\t\t<\/section>\n\t\t\t\t<\/div>\n\t\t","protected":false},"excerpt":{"rendered":"<p>La misi\u00f3n principal de Universidades Caribe, desde el inicio hasta el presente, ha sido fomentar y promover el desarrollo y la integraci\u00f3n del Caribe a trav\u00e9s de la colaboraci\u00f3n entre los grupos culturales y ling\u00fc\u00edsticos que caracterizan a la sociedad caribe\u00f1a. Una amparo de esta misi\u00f3n ha sido que, a pesar de las diferencias de [&hellip;]<\/p>\n","protected":false},"author":1,"featured_media":0,"parent":227,"menu_order":4,"comment_status":"closed","ping_status":"closed","template":"","meta":{"footnotes":""},"class_list":["post-369","page","type-page","status-publish","hentry"],"aioseo_notices":[],"_links":{"self":[{"href":"https:\/\/universitiescaribbean.org\/es\/wp-json\/wp\/v2\/pages\/369","targetHints":{"allow":["GET"]}}],"collection":[{"href":"https:\/\/universitiescaribbean.org\/es\/wp-json\/wp\/v2\/pages"}],"about":[{"href":"https:\/\/universitiescaribbean.org\/es\/wp-json\/wp\/v2\/types\/page"}],"author":[{"embeddable":true,"href":"https:\/\/universitiescaribbean.org\/es\/wp-json\/wp\/v2\/users\/1"}],"replies":[{"embeddable":true,"href":"https:\/\/universitiescaribbean.org\/es\/wp-json\/wp\/v2\/comments?post=369"}],"version-history":[{"count":4,"href":"https:\/\/universitiescaribbean.org\/es\/wp-json\/wp\/v2\/pages\/369\/revisions"}],"predecessor-version":[{"id":426,"href":"https:\/\/universitiescaribbean.org\/es\/wp-json\/wp\/v2\/pages\/369\/revisions\/426"}],"up":[{"embeddable":true,"href":"https:\/\/universitiescaribbean.org\/es\/wp-json\/wp\/v2\/pages\/227"}],"wp:attachment":[{"href":"https:\/\/universitiescaribbean.org\/es\/wp-json\/wp\/v2\/media?parent=369"}],"curies":[{"name":"wp","href":"https:\/\/api.w.org\/{rel}","templated":true}]}}