{"id":356,"date":"2022-12-26T15:07:46","date_gmt":"2022-12-26T15:07:46","guid":{"rendered":"https:\/\/universitiescaribbean.org\/?page_id=356"},"modified":"2022-12-26T16:27:38","modified_gmt":"2022-12-26T16:27:38","slug":"nuestra-historia","status":"publish","type":"page","link":"https:\/\/universitiescaribbean.org\/es\/nosotros\/nuestra-historia\/","title":{"rendered":"Nuestra Historia"},"content":{"rendered":"\t\t<div data-elementor-type=\"wp-page\" data-elementor-id=\"356\" class=\"elementor elementor-356\" data-elementor-post-type=\"page\">\n\t\t\t\t\t\t<section class=\"elementor-section elementor-top-section elementor-element elementor-element-ea3a6b6 elementor-section-boxed elementor-section-height-default elementor-section-height-default\" data-id=\"ea3a6b6\" data-element_type=\"section\">\n\t\t\t\t\t\t<div class=\"elementor-container elementor-column-gap-default\">\n\t\t\t\t\t<div class=\"elementor-column elementor-col-100 elementor-top-column elementor-element elementor-element-2e27f0f\" data-id=\"2e27f0f\" data-element_type=\"column\">\n\t\t\t<div class=\"elementor-widget-wrap elementor-element-populated\">\n\t\t\t\t\t\t<div class=\"elementor-element elementor-element-91f56f7 elementor-widget elementor-widget-text-editor\" data-id=\"91f56f7\" data-element_type=\"widget\" data-widget_type=\"text-editor.default\">\n\t\t\t\t<div class=\"elementor-widget-container\">\n\t\t\t<style>\/*! elementor - v3.21.0 - 25-04-2024 *\/\n.elementor-widget-text-editor.elementor-drop-cap-view-stacked .elementor-drop-cap{background-color:#69727d;color:#fff}.elementor-widget-text-editor.elementor-drop-cap-view-framed .elementor-drop-cap{color:#69727d;border:3px solid;background-color:transparent}.elementor-widget-text-editor:not(.elementor-drop-cap-view-default) .elementor-drop-cap{margin-top:8px}.elementor-widget-text-editor:not(.elementor-drop-cap-view-default) .elementor-drop-cap-letter{width:1em;height:1em}.elementor-widget-text-editor .elementor-drop-cap{float:left;text-align:center;line-height:1;font-size:50px}.elementor-widget-text-editor .elementor-drop-cap-letter{display:inline-block}<\/style>\t\t\t\t<p>La Asociaci\u00f3n de Universidades e Instituciones de Investigaci\u00f3n del Caribe (UNICA) fue fundada en 1967 para fomentar la cooperaci\u00f3n entre las instituciones de educaci\u00f3n superior en la regi\u00f3n del Caribe. Sirvi\u00f3 como una organizaci\u00f3n voluntaria e independiente que reuni\u00f3 a los funcionarios de m\u00e1s alto rango de las universidades de la regi\u00f3n del Caribe, facilitando contactos acad\u00e9micos y proyectos de colaboraci\u00f3n.<\/p><p>Despu\u00e9s de 50 a\u00f1os de servicio, en noviembre de 2018, la Asociaci\u00f3n se renombr\u00f3 como Universidades Caribe. La nueva visi\u00f3n alinear\u00e1 a la regi\u00f3n con otras partes del hemisferio y del resto del mundo donde existan organizaciones universitarias regionales similares para apoyar y dirigir la planificaci\u00f3n efectiva y la creaci\u00f3n de redes de programas de educaci\u00f3n superior e investigaci\u00f3n. Por lo tanto, la nueva marca de la Asociaci\u00f3n est\u00e1 totalmente comprometida a convertirse en el actor central en el desarrollo de ideas nuevas e innovadoras para abordar los cambios sociales, econ\u00f3micos y culturales que ocurren en la regi\u00f3n del Gran Caribe.<\/p>\t\t\t\t\t\t<\/div>\n\t\t\t\t<\/div>\n\t\t\t\t\t<\/div>\n\t\t<\/div>\n\t\t\t\t\t<\/div>\n\t\t<\/section>\n\t\t\t\t<\/div>\n\t\t","protected":false},"excerpt":{"rendered":"<p>La Asociaci\u00f3n de Universidades e Instituciones de Investigaci\u00f3n del Caribe (UNICA) fue fundada en 1967 para fomentar la cooperaci\u00f3n entre las instituciones de educaci\u00f3n superior en la regi\u00f3n del Caribe. Sirvi\u00f3 como una organizaci\u00f3n voluntaria e independiente que reuni\u00f3 a los funcionarios de m\u00e1s alto rango de las universidades de la regi\u00f3n del Caribe, facilitando [&hellip;]<\/p>\n","protected":false},"author":1,"featured_media":0,"parent":227,"menu_order":0,"comment_status":"closed","ping_status":"closed","template":"","meta":{"footnotes":""},"class_list":["post-356","page","type-page","status-publish","hentry"],"aioseo_notices":[],"_links":{"self":[{"href":"https:\/\/universitiescaribbean.org\/es\/wp-json\/wp\/v2\/pages\/356","targetHints":{"allow":["GET"]}}],"collection":[{"href":"https:\/\/universitiescaribbean.org\/es\/wp-json\/wp\/v2\/pages"}],"about":[{"href":"https:\/\/universitiescaribbean.org\/es\/wp-json\/wp\/v2\/types\/page"}],"author":[{"embeddable":true,"href":"https:\/\/universitiescaribbean.org\/es\/wp-json\/wp\/v2\/users\/1"}],"replies":[{"embeddable":true,"href":"https:\/\/universitiescaribbean.org\/es\/wp-json\/wp\/v2\/comments?post=356"}],"version-history":[{"count":4,"href":"https:\/\/universitiescaribbean.org\/es\/wp-json\/wp\/v2\/pages\/356\/revisions"}],"predecessor-version":[{"id":422,"href":"https:\/\/universitiescaribbean.org\/es\/wp-json\/wp\/v2\/pages\/356\/revisions\/422"}],"up":[{"embeddable":true,"href":"https:\/\/universitiescaribbean.org\/es\/wp-json\/wp\/v2\/pages\/227"}],"wp:attachment":[{"href":"https:\/\/universitiescaribbean.org\/es\/wp-json\/wp\/v2\/media?parent=356"}],"curies":[{"name":"wp","href":"https:\/\/api.w.org\/{rel}","templated":true}]}}