{"id":352,"date":"2022-12-26T15:05:57","date_gmt":"2022-12-26T15:05:57","guid":{"rendered":"https:\/\/universitiescaribbean.org\/?page_id=352"},"modified":"2022-12-26T16:07:24","modified_gmt":"2022-12-26T16:07:24","slug":"sobre-nosotros","status":"publish","type":"page","link":"https:\/\/universitiescaribbean.org\/es\/nosotros\/sobre-nosotros\/","title":{"rendered":"Sobre Nosotros"},"content":{"rendered":"\t\t<div data-elementor-type=\"wp-page\" data-elementor-id=\"352\" class=\"elementor elementor-352\" data-elementor-post-type=\"page\">\n\t\t\t\t\t\t<section class=\"elementor-section elementor-top-section elementor-element elementor-element-b8aaadf elementor-section-boxed elementor-section-height-default elementor-section-height-default\" data-id=\"b8aaadf\" data-element_type=\"section\">\n\t\t\t\t\t\t<div class=\"elementor-container elementor-column-gap-default\">\n\t\t\t\t\t<div class=\"elementor-column elementor-col-100 elementor-top-column elementor-element elementor-element-3545189\" data-id=\"3545189\" data-element_type=\"column\">\n\t\t\t<div class=\"elementor-widget-wrap elementor-element-populated\">\n\t\t\t\t\t\t<div class=\"elementor-element elementor-element-bc61514 elementor-widget elementor-widget-text-editor\" data-id=\"bc61514\" data-element_type=\"widget\" data-widget_type=\"text-editor.default\">\n\t\t\t\t<div class=\"elementor-widget-container\">\n\t\t\t<style>\/*! elementor - v3.21.0 - 25-04-2024 *\/\n.elementor-widget-text-editor.elementor-drop-cap-view-stacked .elementor-drop-cap{background-color:#69727d;color:#fff}.elementor-widget-text-editor.elementor-drop-cap-view-framed .elementor-drop-cap{color:#69727d;border:3px solid;background-color:transparent}.elementor-widget-text-editor:not(.elementor-drop-cap-view-default) .elementor-drop-cap{margin-top:8px}.elementor-widget-text-editor:not(.elementor-drop-cap-view-default) .elementor-drop-cap-letter{width:1em;height:1em}.elementor-widget-text-editor .elementor-drop-cap{float:left;text-align:center;line-height:1;font-size:50px}.elementor-widget-text-editor .elementor-drop-cap-letter{display:inline-block}<\/style>\t\t\t\t<p style=\"margin-bottom: 1rem; color: rgb(33, 37, 41); font-family: -apple-system, BlinkMacSystemFont, &quot;Segoe UI&quot;, Roboto, &quot;Helvetica Neue&quot;, Arial, sans-serif, &quot;Apple Color Emoji&quot;, &quot;Segoe UI Emoji&quot;, &quot;Segoe UI Symbol&quot;, &quot;Noto Color Emoji&quot;;\">Universidades Caribe (anteriormente UNICA) es la Asociaci\u00f3n de Universidades e Institutos de Investigaci\u00f3n del Caribe. El objetivo de la Asociaci\u00f3n es fomentar la cooperaci\u00f3n entre las instituciones de educaci\u00f3n superior en la regi\u00f3n del Caribe.<\/p><p style=\"margin-bottom: 1rem; color: rgb(33, 37, 41); font-family: -apple-system, BlinkMacSystemFont, &quot;Segoe UI&quot;, Roboto, &quot;Helvetica Neue&quot;, Arial, sans-serif, &quot;Apple Color Emoji&quot;, &quot;Segoe UI Emoji&quot;, &quot;Segoe UI Symbol&quot;, &quot;Noto Color Emoji&quot;;\">La Asociaci\u00f3n define el Caribe como el \u00e1rea geogr\u00e1fica que comprende las islas de las Antillas y las zonas costeras de los pa\u00edses que rodean el Mar Caribe y el Golfo de M\u00e9xico, incluida Am\u00e9rica Central y la regi\u00f3n del Norte de Am\u00e9rica del Sur y las Guayanas, reconociendo as\u00ed la fuerza transnacional, transling\u00fc\u00edstica y transcultural de la regi\u00f3n.<\/p><p style=\"margin-bottom: 1rem; color: rgb(33, 37, 41); font-family: -apple-system, BlinkMacSystemFont, &quot;Segoe UI&quot;, Roboto, &quot;Helvetica Neue&quot;, Arial, sans-serif, &quot;Apple Color Emoji&quot;, &quot;Segoe UI Emoji&quot;, &quot;Segoe UI Symbol&quot;, &quot;Noto Color Emoji&quot;;\">Universidades Caribe fomenta la \u00abcooperaci\u00f3n y solidaridad basada en la mutualidad de intereses y beneficios compartidos\u00bb y apunta a ser la voz de la regi\u00f3n del Caribe en las \u00e1reas de calidad, globalizaci\u00f3n, resiliencia y sostenibilidad financiera. El mandato general otorgado a Universidades Caribe es integrar el sector universitario regional y mejorar su calidad e impacto regional.<\/p><p style=\"margin-bottom: 1rem; color: rgb(33, 37, 41); font-family: -apple-system, BlinkMacSystemFont, &quot;Segoe UI&quot;, Roboto, &quot;Helvetica Neue&quot;, Arial, sans-serif, &quot;Apple Color Emoji&quot;, &quot;Segoe UI Emoji&quot;, &quot;Segoe UI Symbol&quot;, &quot;Noto Color Emoji&quot;;\">El nuevo plan estrat\u00e9gico de la Asociaci\u00f3n se basa en tres pilares: (Triple R) mejorar la REPUTACI\u00d3N del sector; para mejorar la RESILIENCIA de las universidades miembros; e incrementar la posici\u00f3n de RENTABILIDAD de los miembros y el sector.<\/p>\t\t\t\t\t\t<\/div>\n\t\t\t\t<\/div>\n\t\t\t\t\t<\/div>\n\t\t<\/div>\n\t\t\t\t\t<\/div>\n\t\t<\/section>\n\t\t\t\t<\/div>\n\t\t","protected":false},"excerpt":{"rendered":"<p>Universidades Caribe (anteriormente UNICA) es la Asociaci\u00f3n de Universidades e Institutos de Investigaci\u00f3n del Caribe. El objetivo de la Asociaci\u00f3n es fomentar la cooperaci\u00f3n entre las instituciones de educaci\u00f3n superior en la regi\u00f3n del Caribe. La Asociaci\u00f3n define el Caribe como el \u00e1rea geogr\u00e1fica que comprende las islas de las Antillas y las zonas costeras [&hellip;]<\/p>\n","protected":false},"author":1,"featured_media":0,"parent":227,"menu_order":1,"comment_status":"closed","ping_status":"closed","template":"","meta":{"footnotes":""},"class_list":["post-352","page","type-page","status-publish","hentry"],"aioseo_notices":[],"_links":{"self":[{"href":"https:\/\/universitiescaribbean.org\/es\/wp-json\/wp\/v2\/pages\/352","targetHints":{"allow":["GET"]}}],"collection":[{"href":"https:\/\/universitiescaribbean.org\/es\/wp-json\/wp\/v2\/pages"}],"about":[{"href":"https:\/\/universitiescaribbean.org\/es\/wp-json\/wp\/v2\/types\/page"}],"author":[{"embeddable":true,"href":"https:\/\/universitiescaribbean.org\/es\/wp-json\/wp\/v2\/users\/1"}],"replies":[{"embeddable":true,"href":"https:\/\/universitiescaribbean.org\/es\/wp-json\/wp\/v2\/comments?post=352"}],"version-history":[{"count":4,"href":"https:\/\/universitiescaribbean.org\/es\/wp-json\/wp\/v2\/pages\/352\/revisions"}],"predecessor-version":[{"id":411,"href":"https:\/\/universitiescaribbean.org\/es\/wp-json\/wp\/v2\/pages\/352\/revisions\/411"}],"up":[{"embeddable":true,"href":"https:\/\/universitiescaribbean.org\/es\/wp-json\/wp\/v2\/pages\/227"}],"wp:attachment":[{"href":"https:\/\/universitiescaribbean.org\/es\/wp-json\/wp\/v2\/media?parent=352"}],"curies":[{"name":"wp","href":"https:\/\/api.w.org\/{rel}","templated":true}]}}