{"id":403,"date":"2022-12-26T16:00:52","date_gmt":"2022-12-26T16:00:52","guid":{"rendered":"https:\/\/universitiescaribbean.org\/?page_id=403"},"modified":"2023-01-04T10:22:34","modified_gmt":"2023-01-04T10:22:34","slug":"recursos-y-proyectos","status":"publish","type":"page","link":"https:\/\/universitiescaribbean.org\/en\/nuestro-trabajo\/recursos-y-proyectos\/","title":{"rendered":"Projects"},"content":{"rendered":"<div data-elementor-type=\"wp-page\" data-elementor-id=\"403\" class=\"elementor elementor-403\" data-elementor-post-type=\"page\">\n\t\t\t\t\t\t<section class=\"elementor-section elementor-top-section elementor-element elementor-element-8e6d45d elementor-section-boxed elementor-section-height-default elementor-section-height-default\" data-id=\"8e6d45d\" data-element_type=\"section\">\n\t\t\t\t\t\t<div class=\"elementor-container elementor-column-gap-default\">\n\t\t\t\t\t<div class=\"elementor-column elementor-col-50 elementor-top-column elementor-element elementor-element-c5d569d\" data-id=\"c5d569d\" data-element_type=\"column\">\n\t\t\t<div class=\"elementor-widget-wrap elementor-element-populated\">\n\t\t\t\t\t\t<div class=\"elementor-element elementor-element-5bc5c55 elementor-widget elementor-widget-text-editor\" data-id=\"5bc5c55\" data-element_type=\"widget\" data-widget_type=\"text-editor.default\">\n\t\t\t\t<div class=\"elementor-widget-container\">\n\t\t\t<style>\/*! elementor - v3.21.0 - 25-04-2024 *\/\n.elementor-widget-text-editor.elementor-drop-cap-view-stacked .elementor-drop-cap{background-color:#69727d;color:#fff}.elementor-widget-text-editor.elementor-drop-cap-view-framed .elementor-drop-cap{color:#69727d;border:3px solid;background-color:transparent}.elementor-widget-text-editor:not(.elementor-drop-cap-view-default) .elementor-drop-cap{margin-top:8px}.elementor-widget-text-editor:not(.elementor-drop-cap-view-default) .elementor-drop-cap-letter{width:1em;height:1em}.elementor-widget-text-editor .elementor-drop-cap{float:left;text-align:center;line-height:1;font-size:50px}.elementor-widget-text-editor .elementor-drop-cap-letter{display:inline-block}<\/style>\t\t\t\t<header class=\"entry-header\" style=\"color: #212529; font-family: -apple-system, BlinkMacSystemFont, 'Segoe UI', Roboto, 'Helvetica Neue', Arial, sans-serif, 'Apple Color Emoji', 'Segoe UI Emoji', 'Segoe UI Symbol', 'Noto Color Emoji';\"><h1 class=\"entry-title h2\" style=\"box-sizing: border-box; margin-top: 0px; margin-bottom: 0.5rem; font-family: inherit; font-weight: 500; line-height: 1.2; color: inherit; font-size: 2rem;\">Projects<\/h1><header class=\"entry-header\" style=\"font-size: 16px;\"><\/header><div class=\"entry-content\" style=\"margin: 1.5em 0px 0px; font-size: 16px;\"><p style=\"margin-bottom: 1rem;\">The organizing principle guiding the current projects is \"ONE CARIBBEAN\", with two distinctive events: a biannual \"One Caribbean Solutions\" symposium to create opportunities for academics to engage with practitioners, develop strategies to generate practical solutions to the challenges facing the Caribbean and the Americas U.S. region and an annual \"One Caribbean Youth Forum\" (#OCYF) to boost innovative entrepreneurship and raise awareness among Caribbean youth representatives of their roles as future leaders of sustainable development in their region.<\/p><p style=\"margin-bottom: 1rem;\">In this new era of technological advancement, green engineering and global innovations, Universities Caribbean promises to play a decisive role in the social and sustainable development of the region, implement its new strategic plan, strengthen connections among its members and foster new affiliations throughout the Caribbean and the Americas. Ultimately, the regional organization seeks to create an interactive platform to increase the visibility, sustainability and overall commitment of its members to serve their communities and use Higher Education to promote the unity and uniqueness of the Caribbean, locally and globally.<\/p><\/div><h4 style=\"margin-top: 0px; margin-bottom: 0.5rem; font-family: inherit; font-weight: 500; line-height: 1.2; font-size: 1.5rem;\"><span style=\"font-weight: bolder;\">2018<\/span><\/h4><div class=\"entry-content\" style=\"margin: 1.5em 0px 0px; font-size: 16px;\"><ul style=\"margin-bottom: 1rem;\"><li><span style=\"font-weight: bolder;\">Noviembre<\/span>\u00a0\u2013 Simposio inaugural \u00abOne Caribbean Solutions\u00bb, PUCMM, Santo Domingo, Rep\u00fablica Dominicana.<\/li><li><span style=\"font-weight: bolder;\">Noviembre<\/span>\u00a0\u2013 Inaugural \u00abOne Caribbean Youth Forum\u00bb (# OCYF2018), PUCMM, Santo Domingo, Rep\u00fablica Dominicana.<\/li><\/ul><\/div><h4 style=\"margin-top: 0px; margin-bottom: 0.5rem; font-family: inherit; font-weight: 500; line-height: 1.2; font-size: 1.5rem;\"><span style=\"font-weight: bolder;\">2019<\/span><\/h4><div class=\"entry-content\" style=\"margin: 1.5em 0px 0px; font-size: 16px;\"><ul style=\"margin-bottom: 1rem;\"><li><span style=\"font-weight: bolder;\">Junio<\/span>\u00a0\u2013 Simposio One Caribbean Solutions \u201d, The UWI, Kingston Jamaica.<\/li><li><span style=\"font-weight: bolder;\">Noviembre<\/span>\u00a0\u2013 Simposio One Caribbean Solutions \u201d, Universit\u00e9 des Antilles, Sch\u0153lcher, Martinica.<\/li><li><span style=\"font-weight: bolder;\">Noviembre<\/span>\u00a0\u2013 \u00abOne Caribbean Youth Forum\u00bb (# OCYF2019), Universit\u00e9 des Antilles, Sch\u0153lcher, Martinica.<\/li><\/ul><\/div><\/header><div class=\"entry-content\" style=\"margin: 1.5em 0px 0px; color: #212529; font-family: -apple-system, BlinkMacSystemFont, 'Segoe UI', Roboto, 'Helvetica Neue', Arial, sans-serif, 'Apple Color Emoji', 'Segoe UI Emoji', 'Segoe UI Symbol', 'Noto Color Emoji';\">\u00a0<\/div>\t\t\t\t\t\t<\/div>\n\t\t\t\t<\/div>\n\t\t\t\t\t<\/div>\n\t\t<\/div>\n\t\t\t\t<div class=\"elementor-column elementor-col-50 elementor-top-column elementor-element elementor-element-7045b7d\" data-id=\"7045b7d\" data-element_type=\"column\">\n\t\t\t<div class=\"elementor-widget-wrap elementor-element-populated\">\n\t\t\t\t\t\t<div class=\"elementor-element elementor-element-bd80124 elementor-widget elementor-widget-image\" data-id=\"bd80124\" data-element_type=\"widget\" data-widget_type=\"image.default\">\n\t\t\t\t<div class=\"elementor-widget-container\">\n\t\t\t<style>\/*! elementor - v3.21.0 - 25-04-2024 *\/\n.elementor-widget-image{text-align:center}.elementor-widget-image a{display:inline-block}.elementor-widget-image a img[src$=\".svg\"]{width:48px}.elementor-widget-image img{vertical-align:middle;display:inline-block}<\/style>\t\t\t\t\t\t\t\t\t\t<img decoding=\"async\" src=\"https:\/\/universitiescaribbean.org\/wp-content\/uploads\/elementor\/thumbs\/viktor-ruppert-y32dchsQ-Gk-unsplash-scaled-qn9zp7ox8buod5w3i3edmmb4bqprjljvkn2919ra4g.jpg\" title=\"viktor-ruppert-y32dchsQ-Gk-unsplash\" alt=\"viktor-ruppert-y32dchsQ-Gk-unsplash\" loading=\"lazy\" \/>\t\t\t\t\t\t\t\t\t\t\t\t\t<\/div>\n\t\t\t\t<\/div>\n\t\t\t\t\t<\/div>\n\t\t<\/div>\n\t\t\t\t\t<\/div>\n\t\t<\/section>\n\t\t\t\t<\/div>","protected":false},"excerpt":{"rendered":"<p>Recursos y Proyectos El principio organizador que gu\u00eda los proyectos actuales es \u00abONE CARIBBEAN\u00bb, con dos eventos distintivos: un simposio bianual \u00abOne Caribbean Solutions\u00bb para crear oportunidades para que los acad\u00e9micos se involucren con los profesionales, desarrollen estrategias para generar soluciones pr\u00e1cticas a los desaf\u00edos que enfrentan el Caribe y Am\u00e9rica Regi\u00f3n de los Estados [&hellip;]<\/p>","protected":false},"author":1,"featured_media":0,"parent":313,"menu_order":0,"comment_status":"closed","ping_status":"closed","template":"","meta":{"footnotes":""},"class_list":["post-403","page","type-page","status-publish","hentry"],"aioseo_notices":[],"_links":{"self":[{"href":"https:\/\/universitiescaribbean.org\/en\/wp-json\/wp\/v2\/pages\/403","targetHints":{"allow":["GET"]}}],"collection":[{"href":"https:\/\/universitiescaribbean.org\/en\/wp-json\/wp\/v2\/pages"}],"about":[{"href":"https:\/\/universitiescaribbean.org\/en\/wp-json\/wp\/v2\/types\/page"}],"author":[{"embeddable":true,"href":"https:\/\/universitiescaribbean.org\/en\/wp-json\/wp\/v2\/users\/1"}],"replies":[{"embeddable":true,"href":"https:\/\/universitiescaribbean.org\/en\/wp-json\/wp\/v2\/comments?post=403"}],"version-history":[{"count":10,"href":"https:\/\/universitiescaribbean.org\/en\/wp-json\/wp\/v2\/pages\/403\/revisions"}],"predecessor-version":[{"id":523,"href":"https:\/\/universitiescaribbean.org\/en\/wp-json\/wp\/v2\/pages\/403\/revisions\/523"}],"up":[{"embeddable":true,"href":"https:\/\/universitiescaribbean.org\/en\/wp-json\/wp\/v2\/pages\/313"}],"wp:attachment":[{"href":"https:\/\/universitiescaribbean.org\/en\/wp-json\/wp\/v2\/media?parent=403"}],"curies":[{"name":"wp","href":"https:\/\/api.w.org\/{rel}","templated":true}]}}