{"id":369,"date":"2022-12-26T15:29:57","date_gmt":"2022-12-26T15:29:57","guid":{"rendered":"https:\/\/universitiescaribbean.org\/?page_id=369"},"modified":"2022-12-26T16:30:15","modified_gmt":"2022-12-26T16:30:15","slug":"lo-que-hacemos","status":"publish","type":"page","link":"https:\/\/universitiescaribbean.org\/en\/nosotros\/lo-que-hacemos\/","title":{"rendered":"What we do"},"content":{"rendered":"<div data-elementor-type=\"wp-page\" data-elementor-id=\"369\" class=\"elementor elementor-369\" data-elementor-post-type=\"page\">\n\t\t\t\t\t\t<section class=\"elementor-section elementor-top-section elementor-element elementor-element-be5908d elementor-section-boxed elementor-section-height-default elementor-section-height-default\" data-id=\"be5908d\" data-element_type=\"section\">\n\t\t\t\t\t\t<div class=\"elementor-container elementor-column-gap-default\">\n\t\t\t\t\t<div class=\"elementor-column elementor-col-100 elementor-top-column elementor-element elementor-element-d752412\" data-id=\"d752412\" data-element_type=\"column\">\n\t\t\t<div class=\"elementor-widget-wrap elementor-element-populated\">\n\t\t\t\t\t\t<div class=\"elementor-element elementor-element-651a6c1 elementor-widget elementor-widget-text-editor\" data-id=\"651a6c1\" data-element_type=\"widget\" data-widget_type=\"text-editor.default\">\n\t\t\t\t<div class=\"elementor-widget-container\">\n\t\t\t<style>\/*! elementor - v3.21.0 - 25-04-2024 *\/\n.elementor-widget-text-editor.elementor-drop-cap-view-stacked .elementor-drop-cap{background-color:#69727d;color:#fff}.elementor-widget-text-editor.elementor-drop-cap-view-framed .elementor-drop-cap{color:#69727d;border:3px solid;background-color:transparent}.elementor-widget-text-editor:not(.elementor-drop-cap-view-default) .elementor-drop-cap{margin-top:8px}.elementor-widget-text-editor:not(.elementor-drop-cap-view-default) .elementor-drop-cap-letter{width:1em;height:1em}.elementor-widget-text-editor .elementor-drop-cap{float:left;text-align:center;line-height:1;font-size:50px}.elementor-widget-text-editor .elementor-drop-cap-letter{display:inline-block}<\/style>\t\t\t\t<p>The core remit of Universities Caribbean from inception to present has been to foster and promote Caribbean development and integration through collaboration and partnership within and across the cultural and linguistic groups that typify Caribbean society. An assumption of this remit has been that despite differences of language and social specificity, the Caribbean is essentially a unified civilization with common historical and existential realities.<\/p><p><strong>With this framework in mind, Universities Caribbean is committed to:<\/strong><\/p><ul><li>Fostering partnerships among university associations, universities and research institutes in the region and globally.<\/li><li>Developing a broad range of beneficial cooperation and exchange schemes for its members.<\/li><li>Participating in the design of a comprehensive regional policy framework.<\/li><li>Advancing the regionalization of Higher Education in the Caribbean.<\/li><li>Gaining access to funding that would have otherwise been unavailable to individual institutions.<\/li><li>Increasing mobility and trans-linguistic proficiency among students and researchers.<\/li><li>Playing a decisive role in the social and sustainable development of the region.<\/li><\/ul><p>Universities Caribbean genuinely seeks to transcend national borders in order to generate innovative scholarship, joint programs of excellence and avant-garde research projects. Within the organization, transversal and trans-lingual research units will focus on topics that are highly significant to the Caribbean region: Ecology and Sustainable Development, Maritime Technologies, Public Health and Tropical Medicine, Gender and Development Studies, Social Mobility, Cultural Memory and any other research fields relevant to the region.<\/p>\t\t\t\t\t\t<\/div>\n\t\t\t\t<\/div>\n\t\t\t\t\t<\/div>\n\t\t<\/div>\n\t\t\t\t\t<\/div>\n\t\t<\/section>\n\t\t\t\t<\/div>","protected":false},"excerpt":{"rendered":"<p>La misi\u00f3n principal de Universidades Caribe, desde el inicio hasta el presente, ha sido fomentar y promover el desarrollo y la integraci\u00f3n del Caribe a trav\u00e9s de la colaboraci\u00f3n entre los grupos culturales y ling\u00fc\u00edsticos que caracterizan a la sociedad caribe\u00f1a. Una amparo de esta misi\u00f3n ha sido que, a pesar de las diferencias de [&hellip;]<\/p>","protected":false},"author":1,"featured_media":0,"parent":227,"menu_order":4,"comment_status":"closed","ping_status":"closed","template":"","meta":{"footnotes":""},"class_list":["post-369","page","type-page","status-publish","hentry"],"aioseo_notices":[],"_links":{"self":[{"href":"https:\/\/universitiescaribbean.org\/en\/wp-json\/wp\/v2\/pages\/369","targetHints":{"allow":["GET"]}}],"collection":[{"href":"https:\/\/universitiescaribbean.org\/en\/wp-json\/wp\/v2\/pages"}],"about":[{"href":"https:\/\/universitiescaribbean.org\/en\/wp-json\/wp\/v2\/types\/page"}],"author":[{"embeddable":true,"href":"https:\/\/universitiescaribbean.org\/en\/wp-json\/wp\/v2\/users\/1"}],"replies":[{"embeddable":true,"href":"https:\/\/universitiescaribbean.org\/en\/wp-json\/wp\/v2\/comments?post=369"}],"version-history":[{"count":4,"href":"https:\/\/universitiescaribbean.org\/en\/wp-json\/wp\/v2\/pages\/369\/revisions"}],"predecessor-version":[{"id":426,"href":"https:\/\/universitiescaribbean.org\/en\/wp-json\/wp\/v2\/pages\/369\/revisions\/426"}],"up":[{"embeddable":true,"href":"https:\/\/universitiescaribbean.org\/en\/wp-json\/wp\/v2\/pages\/227"}],"wp:attachment":[{"href":"https:\/\/universitiescaribbean.org\/en\/wp-json\/wp\/v2\/media?parent=369"}],"curies":[{"name":"wp","href":"https:\/\/api.w.org\/{rel}","templated":true}]}}