{"id":354,"date":"2022-12-26T15:07:09","date_gmt":"2022-12-26T15:07:09","guid":{"rendered":"https:\/\/universitiescaribbean.org\/?page_id=354"},"modified":"2022-12-29T14:17:54","modified_gmt":"2022-12-29T14:17:54","slug":"nuestro-equipo","status":"publish","type":"page","link":"https:\/\/universitiescaribbean.org\/en\/nosotros\/nuestro-equipo\/","title":{"rendered":"Our Team"},"content":{"rendered":"<div data-elementor-type=\"wp-page\" data-elementor-id=\"354\" class=\"elementor elementor-354\" data-elementor-post-type=\"page\">\n\t\t\t\t\t\t<section class=\"elementor-section elementor-top-section elementor-element elementor-element-1c40b98 elementor-section-boxed elementor-section-height-default elementor-section-height-default\" data-id=\"1c40b98\" data-element_type=\"section\">\n\t\t\t\t\t\t<div class=\"elementor-container elementor-column-gap-default\">\n\t\t\t\t\t<main class=\"elementor-column elementor-col-100 elementor-top-column elementor-element elementor-element-3db6a7f\" data-id=\"3db6a7f\" data-element_type=\"column\">\n\t\t\t<div class=\"elementor-widget-wrap elementor-element-populated\">\n\t\t\t\t\t\t<div class=\"elementor-element elementor-element-e549cd6 elementor-widget elementor-widget-text-editor\" data-id=\"e549cd6\" data-element_type=\"widget\" data-widget_type=\"text-editor.default\">\n\t\t\t\t<div class=\"elementor-widget-container\">\n\t\t\t<style>\/*! elementor - v3.21.0 - 25-04-2024 *\/\n.elementor-widget-text-editor.elementor-drop-cap-view-stacked .elementor-drop-cap{background-color:#69727d;color:#fff}.elementor-widget-text-editor.elementor-drop-cap-view-framed .elementor-drop-cap{color:#69727d;border:3px solid;background-color:transparent}.elementor-widget-text-editor:not(.elementor-drop-cap-view-default) .elementor-drop-cap{margin-top:8px}.elementor-widget-text-editor:not(.elementor-drop-cap-view-default) .elementor-drop-cap-letter{width:1em;height:1em}.elementor-widget-text-editor .elementor-drop-cap{float:left;text-align:center;line-height:1;font-size:50px}.elementor-widget-text-editor .elementor-drop-cap-letter{display:inline-block}<\/style>\t\t\t\t<header style=\"color: #212529; font-family: -apple-system, BlinkMacSystemFont, 'Segoe UI', Roboto, 'Helvetica Neue', Arial, sans-serif, 'Apple Color Emoji', 'Segoe UI Emoji', 'Segoe UI Symbol', 'Noto Color Emoji';\"><h3 style=\"margin-top: 0px; margin-bottom: 0.5rem; font-size: 2rem; text-align: center;\"><span style=\"font-family: -apple-system, BlinkMacSystemFont, 'Segoe UI', Roboto, 'Helvetica Neue', Arial, sans-serif, 'Apple Color Emoji', 'Segoe UI Emoji', 'Segoe UI Symbol', 'Noto Color Emoji'; font-size: 16px;\">Universities Caribbean\u2019s Secretariat<\/span><span style=\"font-family: -apple-system, BlinkMacSystemFont, 'Segoe UI', Roboto, 'Helvetica Neue', Arial, sans-serif, 'Apple Color Emoji', 'Segoe UI Emoji', 'Segoe UI Symbol', 'Noto Color Emoji'; font-size: 16px;\">\u00a0fulfills the central administrative duties for the successful operation of the Association.<\/span><\/h3><\/header><div style=\"margin: 1.5em 0px 0px; color: #212529; font-family: -apple-system, BlinkMacSystemFont, 'Segoe UI', Roboto, 'Helvetica Neue', Arial, sans-serif, 'Apple Color Emoji', 'Segoe UI Emoji', 'Segoe UI Symbol', 'Noto Color Emoji';\"><p><img decoding=\"async\" class=\"alignleft\" src=\"https:\/\/universitiescaribbean.org\/wp-content\/uploads\/2022\/12\/Myriam-ID-e1572277684969-300x294.jpg\" alt=\"\" width=\"220\" height=\"216\" \/><span style=\"font-size: 16px;\">Dr. Myriam Mo\u00efse &#8211; <\/span><strong>Universit\u00e9 des Antilles - General Secretary<\/strong><\/p><p>Dr. Myriam Mo\u00efse is an Associate Professor at Universit\u00e9 des Antilles in Martinique, a permanent researcher at the Caribbean Social Sciences Research Unit (LC2S\/CNRS-UMR 8053) and a 2019-2020 Fulbright Research Fellow. In 2018, she was appointed Secretary-General of Universities Caribbean, the organization of Caribbean Universities and Research Institutes (formerly UNICA).<\/p><p>She holds a Doctorate in Anglophone Studies from Universit\u00e9 de la Sorbonne Nouvelle in Paris, and a PhD in Literatures in English from the University of the West Indies in Trinidad and Tobago.<\/p><p>The Secretary General is the Executive Officer of the Association and ex officio member of the Executive Committee.<\/p><p>\u00a0<\/p><div style=\"height: 30px;\" aria-hidden=\"true\"><img fetchpriority=\"high\" decoding=\"async\" class=\"wp-image-412 alignleft\" src=\"https:\/\/universitiescaribbean.org\/wp-content\/uploads\/2022\/12\/denesha-ID-e1572277921425.jpg\" alt=\"\" width=\"223\" height=\"237\" \/>Denesha Bailey<\/div><div style=\"height: 30px;\" aria-hidden=\"true\">University of the West Indies &#8211; <span style=\"font-weight: bolder;\">Programme Officer<\/span><\/div><div style=\"grid-template-columns: 23% auto;\"><div style=\"padding-right: 60.3594px; padding-left: 60.3594px;\"><p style=\"margin-bottom: 1rem;\">Denesha Bailey is a Programme Officer at the Regional Headquarters of The University of the West Indies (The UWI), and holds a Master\u2019s Degree in Human Resource Development. She was officially appointed to the Secretariat in 2019.<\/p><p style=\"margin-bottom: 1rem;\">The Programme officer is the main administrative staff of the Association and assists the Secretary General with efficient discharge of the Association\u2019s administrative and operational functions.<\/p><\/div><\/div><\/div><p>\u00a0<\/p><p>\u00a0<\/p><div style=\"margin: 1.5em 0px 0px; color: #212529; font-family: -apple-system, BlinkMacSystemFont, 'Segoe UI', Roboto, 'Helvetica Neue', Arial, sans-serif, 'Apple Color Emoji', 'Segoe UI Emoji', 'Segoe UI Symbol', 'Noto Color Emoji';\"><div style=\"height: 30px;\" aria-hidden=\"true\"><img decoding=\"async\" class=\"wp-image-415 alignleft\" src=\"https:\/\/universitiescaribbean.org\/wp-content\/uploads\/2022\/12\/thumbnail__MG_49312-285x300.jpg\" alt=\"\" width=\"224\" height=\"236\" srcset=\"https:\/\/universitiescaribbean.org\/wp-content\/uploads\/2022\/12\/thumbnail__MG_49312-285x300.jpg 285w, https:\/\/universitiescaribbean.org\/wp-content\/uploads\/2022\/12\/thumbnail__MG_49312-768x807.jpg 768w, https:\/\/universitiescaribbean.org\/wp-content\/uploads\/2022\/12\/thumbnail__MG_49312.jpg 865w\" sizes=\"(max-width: 224px) 100vw, 224px\" \/><strong>Laura Suazo<\/strong> &#8211; Pontificia Universidad Cat\u00f3lica Madre y Maestra &#8211; <span style=\"font-weight: bolder;\">O<\/span><span style=\"font-weight: bolder;\">fficer of Digital Communications<\/span><\/div><div style=\"grid-template-columns: 24% auto;\"><div style=\"padding-right: 59.5781px; padding-left: 59.5781px;\"><p style=\"margin-bottom: 1rem;\"><strong>Laura<\/strong> <strong>Suazo<\/strong> is a professor and the Director for University Social Responsibility at the Pontificia Universidad Cat\u00f3lica Madre y Maestra \u2013 (PUCMM), Dominican Republic. She was appointed to the Universities Caribbean Secretariat in 2019.<\/p><p style=\"margin-bottom: 1rem;\">She holds a Master\u2019s degree in Methodology of Behavioral and Health Sciences from Universidad Complutense de Madrid (UCM) in Spain.<\/p><p style=\"margin-bottom: 1rem;\">The Digital Communication officer leads the digital communication unit to boost the Association\u2019s global visibility and international profile.<\/p><p>\u00a0<\/p><\/div><\/div><div style=\"grid-template-columns: 23% auto;\"><div style=\"padding-right: 60.3594px; padding-left: 60.3594px;\"><p><img loading=\"lazy\" decoding=\"async\" class=\"wp-image-413 alignleft\" src=\"https:\/\/universitiescaribbean.org\/wp-content\/uploads\/2022\/12\/ERasFullinck-200x300.jpg\" alt=\"\" width=\"165\" height=\"248\" srcset=\"https:\/\/universitiescaribbean.org\/wp-content\/uploads\/2022\/12\/ERasFullinck-200x300.jpg 200w, https:\/\/universitiescaribbean.org\/wp-content\/uploads\/2022\/12\/ERasFullinck.jpg 533w\" sizes=\"(max-width: 165px) 100vw, 165px\" \/><\/p><p style=\"margin-bottom: 1rem;\">Elica Ras-Fullinck<br \/>University of Curacao<br \/><span style=\"font-weight: bolder;\">Membership Officer (English and Spanish Territories)<\/span><\/p><p style=\"margin-bottom: 1rem;\">Elica Ras-Fullinck is the manager of the Student Affairs and International Office at the University of Cura\u00e7ao Dr. Moises da Costa Gomez (UoC). In 2019 she was appointed to the Universities Caribbean Secretariat.<\/p><p style=\"margin-bottom: 1rem;\">She holds a Master\u2019s degree in Social Work from the University of Cura\u00e7ao Dr. Moises da Costa Gomez.<\/p><p style=\"margin-bottom: 1rem;\">The Membership Officer assists the Secretariat in acting as the primary interface between Universities Caribbean and its members.<\/p><\/div><\/div><\/div>\t\t\t\t\t\t<\/div>\n\t\t\t\t<\/div>\n\t\t\t\t\t<\/div>\n\t\t<\/main>\n\t\t\t\t\t<\/div>\n\t\t<\/section>\n\t\t\t\t<\/div>","protected":false},"excerpt":{"rendered":"<p>La Secretar\u00eda de Universidades del Caribe\u00a0cumple con los deberes administrativos centrales para el funcionamiento exitoso de la Asociaci\u00f3n. Dr. Myriam Mo\u00efse &#8211; Universit\u00e9 des Antilles &#8211; Secretaria General La Dra. Myriam Mo\u00efse es profesora asociada en la Universit\u00e9 des Antilles en Martinica, investigadora permanente en la Unidad de Investigaci\u00f3n de Ciencias Sociales del Caribe (LC2S [&hellip;]<\/p>","protected":false},"author":1,"featured_media":0,"parent":227,"menu_order":0,"comment_status":"closed","ping_status":"closed","template":"","meta":{"footnotes":""},"class_list":["post-354","page","type-page","status-publish","hentry"],"aioseo_notices":[],"_links":{"self":[{"href":"https:\/\/universitiescaribbean.org\/en\/wp-json\/wp\/v2\/pages\/354","targetHints":{"allow":["GET"]}}],"collection":[{"href":"https:\/\/universitiescaribbean.org\/en\/wp-json\/wp\/v2\/pages"}],"about":[{"href":"https:\/\/universitiescaribbean.org\/en\/wp-json\/wp\/v2\/types\/page"}],"author":[{"embeddable":true,"href":"https:\/\/universitiescaribbean.org\/en\/wp-json\/wp\/v2\/users\/1"}],"replies":[{"embeddable":true,"href":"https:\/\/universitiescaribbean.org\/en\/wp-json\/wp\/v2\/comments?post=354"}],"version-history":[{"count":7,"href":"https:\/\/universitiescaribbean.org\/en\/wp-json\/wp\/v2\/pages\/354\/revisions"}],"predecessor-version":[{"id":465,"href":"https:\/\/universitiescaribbean.org\/en\/wp-json\/wp\/v2\/pages\/354\/revisions\/465"}],"up":[{"embeddable":true,"href":"https:\/\/universitiescaribbean.org\/en\/wp-json\/wp\/v2\/pages\/227"}],"wp:attachment":[{"href":"https:\/\/universitiescaribbean.org\/en\/wp-json\/wp\/v2\/media?parent=354"}],"curies":[{"name":"wp","href":"https:\/\/api.w.org\/{rel}","templated":true}]}}